{"id":34,"date":"2024-03-02T13:48:31","date_gmt":"2024-03-02T13:48:31","guid":{"rendered":"https:\/\/tails-and-treasures.homeforstrays.ro\/?page_id=34"},"modified":"2024-03-16T19:40:57","modified_gmt":"2024-03-16T19:40:57","slug":"contact","status":"publish","type":"page","link":"https:\/\/tails-and-treasures.homeforstrays.ro\/index.php\/contact\/","title":{"rendered":"Contacteaz\u0103-ne"},"content":{"rendered":"\n<p class=\"has-text-align-center\">Folose\u0219te formularul de mai jos pentru orice \u00eentrebare referitoare la t\u00e2rgul caritabil.<\/p>\n\n\n<style id=\"wpforms-css-vars-65-block-f94b1448-40c9-4243-b6cd-3dafee95af81\">\n\t\t\t\t#wpforms-65.wpforms-block-f94b1448-40c9-4243-b6cd-3dafee95af81 {\n\t\t\t\t--wpforms-label-color: #000;\n--wpforms-button-background-color: #FF3C00;\n\t\t\t}\n\t\t\t<\/style><div class=\"wpforms-container wpforms-container-full wpforms-block wpforms-block-f94b1448-40c9-4243-b6cd-3dafee95af81 wpforms-render-modern\" id=\"wpforms-65\"><form id=\"wpforms-form-65\" class=\"wpforms-validate wpforms-form wpforms-ajax-form\" data-formid=\"65\" method=\"post\" enctype=\"multipart\/form-data\" action=\"\/index.php\/wp-json\/wp\/v2\/pages\/34\" data-token=\"2d01e4b7e2bab6f394707ca9d922adac\" data-token-time=\"1777272794\"><div class=\"wpforms-head-container\"><\/div><noscript class=\"wpforms-error-noscript\">Please enable JavaScript in your browser to complete this form.<\/noscript><div id=\"wpforms-error-noscript\" style=\"display: none;\">Please enable JavaScript in your browser to complete this form.<\/div><div class=\"wpforms-field-container\"><div id=\"wpforms-65-field_0-container\" class=\"wpforms-field wpforms-field-name\" data-field-id=\"0\"><label class=\"wpforms-field-label\" for=\"wpforms-65-field_0\">Nume <span class=\"wpforms-required-label\" aria-hidden=\"true\">*<\/span><\/label><input type=\"text\" id=\"wpforms-65-field_0\" class=\"wpforms-field-medium wpforms-field-required\" name=\"wpforms[fields][0]\" aria-errormessage=\"wpforms-65-field_0-error\" required><\/div><div id=\"wpforms-65-field_1-container\" class=\"wpforms-field wpforms-field-email\" data-field-id=\"1\"><label class=\"wpforms-field-label\" for=\"wpforms-65-field_1\">Email <span class=\"wpforms-required-label\" aria-hidden=\"true\">*<\/span><\/label><input type=\"email\" id=\"wpforms-65-field_1\" class=\"wpforms-field-medium wpforms-field-required\" name=\"wpforms[fields][1]\" spellcheck=\"false\" aria-errormessage=\"wpforms-65-field_1-error\" required><\/div><div id=\"wpforms-65-field_2-container\" class=\"wpforms-field wpforms-field-textarea\" data-field-id=\"2\"><label class=\"wpforms-field-label\" for=\"wpforms-65-field_2\">Mesaj<\/label><textarea id=\"wpforms-65-field_2\" class=\"wpforms-field-medium\" name=\"wpforms[fields][2]\" aria-errormessage=\"wpforms-65-field_2-error\" ><\/textarea><\/div><\/div><!-- .wpforms-field-container --><div class=\"wpforms-recaptcha-container wpforms-is-recaptcha wpforms-is-recaptcha-type-v2\" ><div class=\"g-recaptcha\" data-sitekey=\"6LdzQYgpAAAAALhTq0yQlXsoTtRBADzKbsArmmQu\"><\/div><input type=\"text\" name=\"g-recaptcha-hidden\" class=\"wpforms-recaptcha-hidden\" style=\"position:absolute!important;clip:rect(0,0,0,0)!important;height:1px!important;width:1px!important;border:0!important;overflow:hidden!important;padding:0!important;margin:0!important;\" data-rule-recaptcha=\"1\"><\/div><div class=\"wpforms-submit-container\" ><input type=\"hidden\" name=\"wpforms[id]\" value=\"65\"><input type=\"hidden\" name=\"page_title\" value=\"\"><input type=\"hidden\" name=\"page_url\" value=\"https:\/\/tails-and-treasures.homeforstrays.ro\/index.php\/wp-json\/wp\/v2\/pages\/34\"><input type=\"hidden\" name=\"url_referer\" value=\"\"><button type=\"submit\" name=\"wpforms[submit]\" id=\"wpforms-submit-65\" class=\"wpforms-submit\" data-alt-text=\"Se trimite...\" data-submit-text=\"Trimite\" aria-live=\"assertive\" value=\"wpforms-submit\">Trimite<\/button><img loading=\"lazy\" decoding=\"async\" src=\"https:\/\/tails-and-treasures.homeforstrays.ro\/wp-content\/plugins\/wpforms-lite\/assets\/images\/submit-spin.svg\" class=\"wpforms-submit-spinner\" style=\"display: none;\" width=\"26\" height=\"26\" alt=\"Loading\"><\/div><\/form><\/div>  <!-- .wpforms-container -->\n\n\n<figure class=\"wp-block-image size-full wp-duotone-duotone-2\"><img loading=\"lazy\" decoding=\"async\" width=\"64\" height=\"64\" src=\"https:\/\/tails-and-treasures.homeforstrays.ro\/wp-content\/uploads\/2024\/03\/1608784_paw_icon.png\" alt=\"\" class=\"wp-image-26\"\/><\/figure>\n\n\n\n<hr class=\"wp-block-separator alignwide has-alpha-channel-opacity\"\/>\n\n\n\n<p class=\"has-text-align-center has-contrast-2-color has-text-color has-link-color has-large-font-size wp-elements-bf55e0108891374c9e9528f2c5ad7216\">SAU<\/p>\n\n\n\n<hr class=\"wp-block-separator alignwide has-alpha-channel-opacity\"\/>\n\n\n\n<p class=\"has-text-align-center\">Dac\u0103 vrei s\u0103 aju\u021bi noul ad\u0103post de anim\u0103lu\u021be construit de Asocia\u021bia Simona&#8217;s Strays sau ai orice \u00eentrebare legat\u0103 de activitatea asocia\u021biei, folose\u0219te datele de contact de mai jos.<\/p>\n\n\n\n<div style=\"height:23px\" aria-hidden=\"true\" class=\"wp-block-spacer\"><\/div>\n\n\n\n<div class=\"wp-block-group has-base-background-color has-background is-vertical is-layout-flex wp-container-core-group-layout-5 wp-block-group-is-layout-flex\" style=\"border-style:none;border-width:0px;border-radius:24px;margin-top:0;margin-bottom:0;padding-top:var(--wp--preset--spacing--10);padding-right:var(--wp--preset--spacing--10);padding-bottom:var(--wp--preset--spacing--10);padding-left:var(--wp--preset--spacing--10)\">\n<div class=\"wp-block-group is-nowrap is-layout-flex wp-container-core-group-layout-1 wp-block-group-is-layout-flex\">\n<p class=\"has-contrast-2-color has-text-color has-link-color wp-elements-56d4d9b85173b7b775b06d55761c154d\">Asocia\u021bie:<\/p>\n\n\n\n<p>Asocia\u021bia Simona&#8217;s Strays<\/p>\n<\/div>\n\n\n\n<div class=\"wp-block-group is-nowrap is-layout-flex wp-container-core-group-layout-2 wp-block-group-is-layout-flex\">\n<p class=\"has-contrast-2-color has-text-color has-link-color wp-elements-2adca7db40d93dd6c73f9b2e2da3b1fe\">Reprezentant asocia\u021bie:<\/p>\n\n\n\n<p>Stroica Simona<\/p>\n<\/div>\n\n\n\n<div class=\"wp-block-group is-nowrap is-layout-flex wp-container-core-group-layout-3 wp-block-group-is-layout-flex\">\n<p><mark style=\"background-color:rgba(0, 0, 0, 0)\" class=\"has-inline-color has-contrast-2-color\">Email<\/mark>:<\/p>\n\n\n\n<p><a href=\"simonastrays@gmail.com\">simonastrays@gmail.com<\/a><\/p>\n<\/div>\n\n\n\n<div class=\"wp-block-group is-nowrap is-layout-flex wp-container-core-group-layout-4 wp-block-group-is-layout-flex\">\n<p class=\"has-contrast-2-color has-text-color has-link-color wp-elements-57904be139c10b0a96c252466b6e0358\">Telefon:<\/p>\n\n\n\n<p><a href=\"tel:0744258121\">0744258121<\/a><\/p>\n<\/div>\n<\/div>\n\n\n\n<div style=\"height:50px\" aria-hidden=\"true\" class=\"wp-block-spacer\"><\/div>\n","protected":false},"excerpt":{"rendered":"<p>Folose\u0219te formularul de mai jos pentru orice \u00eentrebare referitoare la t\u00e2rgul caritabil. SAU Dac\u0103 vrei s\u0103 aju\u021bi noul ad\u0103post de anim\u0103lu\u021be construit de Asocia\u021bia Simona&#8217;s Strays sau ai orice \u00eentrebare legat\u0103 de activitatea asocia\u021biei, folose\u0219te datele de contact de mai jos. Asocia\u021bie: Asocia\u021bia Simona&#8217;s Strays Reprezentant asocia\u021bie: Stroica Simona Email: simonastrays@gmail.com Telefon: 0744258121<\/p>\n","protected":false},"author":1,"featured_media":0,"parent":0,"menu_order":0,"comment_status":"closed","ping_status":"closed","template":"","meta":{"footnotes":""},"_links":{"self":[{"href":"https:\/\/tails-and-treasures.homeforstrays.ro\/index.php\/wp-json\/wp\/v2\/pages\/34"}],"collection":[{"href":"https:\/\/tails-and-treasures.homeforstrays.ro\/index.php\/wp-json\/wp\/v2\/pages"}],"about":[{"href":"https:\/\/tails-and-treasures.homeforstrays.ro\/index.php\/wp-json\/wp\/v2\/types\/page"}],"author":[{"embeddable":true,"href":"https:\/\/tails-and-treasures.homeforstrays.ro\/index.php\/wp-json\/wp\/v2\/users\/1"}],"replies":[{"embeddable":true,"href":"https:\/\/tails-and-treasures.homeforstrays.ro\/index.php\/wp-json\/wp\/v2\/comments?post=34"}],"version-history":[{"count":17,"href":"https:\/\/tails-and-treasures.homeforstrays.ro\/index.php\/wp-json\/wp\/v2\/pages\/34\/revisions"}],"predecessor-version":[{"id":276,"href":"https:\/\/tails-and-treasures.homeforstrays.ro\/index.php\/wp-json\/wp\/v2\/pages\/34\/revisions\/276"}],"wp:attachment":[{"href":"https:\/\/tails-and-treasures.homeforstrays.ro\/index.php\/wp-json\/wp\/v2\/media?parent=34"}],"curies":[{"name":"wp","href":"https:\/\/api.w.org\/{rel}","templated":true}]}}